{"id":84,"date":"2025-02-06T21:25:16","date_gmt":"2025-02-06T21:25:16","guid":{"rendered":"https:\/\/seia-ing.com\/wordpress_y\/?page_id=84"},"modified":"2025-04-25T00:53:55","modified_gmt":"2025-04-25T00:53:55","slug":"division-servicios-aeronauticos","status":"publish","type":"page","link":"https:\/\/seia-ing.com\/index.php\/division-servicios-aeronauticos\/","title":{"rendered":"Divisi\u00f3n Servicios Aeron\u00e1uticos"},"content":{"rendered":"\n<div class=\"wp-block-group\"><div class=\"wp-block-group__inner-container is-layout-constrained wp-block-group-is-layout-constrained\">\n<figure class=\"wp-block-image size-large is-resized\"><img loading=\"lazy\" decoding=\"async\" width=\"1024\" height=\"1024\" src=\"https:\/\/seia-ing.com\/wp-content\/uploads\/2025\/02\/seia_logo-1024x1024.jpg\" alt=\"\" class=\"wp-image-54\" style=\"width:126px;height:auto\" srcset=\"https:\/\/seia-ing.com\/wp-content\/uploads\/2025\/02\/seia_logo-1024x1024.jpg 1024w, https:\/\/seia-ing.com\/wp-content\/uploads\/2025\/02\/seia_logo-300x300.jpg 300w, https:\/\/seia-ing.com\/wp-content\/uploads\/2025\/02\/seia_logo-150x150.jpg 150w, https:\/\/seia-ing.com\/wp-content\/uploads\/2025\/02\/seia_logo-768x768.jpg 768w, https:\/\/seia-ing.com\/wp-content\/uploads\/2025\/02\/seia_logo-1536x1536.jpg 1536w, https:\/\/seia-ing.com\/wp-content\/uploads\/2025\/02\/seia_logo-2048x2048.jpg 2048w, https:\/\/seia-ing.com\/wp-content\/uploads\/2025\/02\/seia_logo-100x100.jpg 100w\" sizes=\"auto, (max-width: 706px) 89vw, (max-width: 767px) 82vw, 740px\" \/><\/figure>\n<\/div><\/div>\n\n\n\n<p>La Divisi\u00f3n de Servicios Aeron\u00e1uticos de Servicios Especializados de Ingenier\u00eda dispone de expertos en Aeron\u00e1utica, Administraci\u00f3n de Empresas, Gesti\u00f3n Empresarial, Dise\u00f1o y Comunicaci\u00f3n Visual, as\u00ed como en Seguros para Empresas y Bienes. Estamos enfocados en satisfacer las necesidades t\u00e9cnico-administrativas de la industria aeron\u00e1utica, tanto nacional como internacional. Nos avalan m\u00e1s de treinta a\u00f1os de experiencia.<\/p>\n\n\n\n<p><\/p>\n\n\n\n<p class=\"has-medium-font-size\"><strong><em>NUESTROS SERVICIOS<\/em><\/strong><\/p>\n\n\n\n<p class=\"has-medium-font-size\"><\/p>\n\n\n\n<p style=\"font-size:16px\"><strong><em>ASESOR\u00cdA Y GESTI\u00d3N<\/em><\/strong><\/p>\n\n\n\n<ul class=\"wp-block-list\">\n<li><em>Asesor\u00eda Aeron\u00e1utica Integral para la Adquisici\u00f3n y Venta de Aeronaves (Ala Fija y Ala Rotativa).<\/em><\/li>\n\n\n\n<li>Gestor\u00eda Administrativa ante las Autoridades Aeron\u00e1uticas<\/li>\n\n\n\n<li><em>Convalidaci\u00f3n de Talleres Aeron\u00e1uticos Extranjeros.<\/em><\/li>\n\n\n\n<li><em>Evaluaci\u00f3n T\u00e9cnica de Aeronaves.<\/em><\/li>\n\n\n\n<li><em>Evaluaci\u00f3n T\u00e9cnica a Empresas Aeron\u00e1uticas.<\/em><\/li>\n<\/ul>\n\n\n\n<p><\/p>\n\n\n\n<p><\/p>\n\n\n\n<p style=\"font-size:16px\"><strong><em>ADMINISTRACI\u00d3N DE MANTENIMIENTO<\/em><\/strong><\/p>\n\n\n\n<ul class=\"wp-block-list\">\n<li>Desarrollo e implementaci\u00f3n de programas de mantenimiento para aeronaves <\/li>\n\n\n\n<li>Gesti\u00f3n del mantenimiento de aeronaves.<\/li>\n\n\n\n<li>Auditor\u00edas t\u00e9cnico-administrativas para empresas y talleres aeron\u00e1uticos.<\/li>\n<\/ul>\n\n\n\n<p><\/p>\n\n\n\n<p style=\"font-size:16px\"><strong><em>PROYECTOS AERONA\u00daTICOS<\/em><\/strong><\/p>\n\n\n\n<ul class=\"wp-block-list\">\n<li>Desarrollo de proyectos aeron\u00e1uticos personalizados conforme a las necesidades espec\u00edficas de su empresa.<\/li>\n<\/ul>\n\n\n\n<p><\/p>\n\n\n\n<p style=\"font-size:16px\"><strong><em>INGENIERIA DE MANTENIMIENTO<\/em><\/strong><\/p>\n\n\n\n<ul class=\"wp-block-list\">\n<li>Supervisi\u00f3n de Servicios de Mantenimiento Aeron\u00e1utico realizados por terceros.<\/li>\n\n\n\n<li>Asesoramiento en accidentes e incidentes a\u00e9reos.<\/li>\n\n\n\n<li>Implementaci\u00f3n de Programas de Seguridad A\u00e9rea.<\/li>\n\n\n\n<li>Desarrollo de Programas de Calidad en Aviaci\u00f3n.<\/li>\n<\/ul>\n\n\n\n<p><\/p>\n\n\n\n<p style=\"font-size:16px\"><strong><em>ADMINISTRACI\u00d3N DE EMPRESAS<\/em><\/strong><\/p>\n\n\n\n<ul class=\"wp-block-list\">\n<li><em>Administraci\u00f3n de Empresas<\/em>&nbsp;Aeron\u00e1uticas.<\/li>\n<\/ul>\n\n\n\n<p><\/p>\n\n\n\n<p style=\"font-size:16px\"><strong><em>DISE\u00d1O Y COMUNICACI\u00d3N VISUAL<\/em><\/strong><\/p>\n\n\n\n<ul class=\"wp-block-list\">\n<li>Dise\u00f1o de elementos de Comunicaci\u00f3n Visual para la implementaci\u00f3n y operaci\u00f3n de su empresa. <\/li>\n\n\n\n<li>Dise\u00f1o Gr\u00e1fico de LOPAS<\/li>\n\n\n\n<li>Gr\u00e1ficos para la localizaci\u00f3n de equipos de emergencia<\/li>\n\n\n\n<li>Tarjetones gr\u00e1ficos con informaci\u00f3n para pasajeros<\/li>\n\n\n\n<li>Dise\u00f1o de bit\u00e1coras de vuelo y mantenimiento<\/li>\n\n\n\n<li>Otras necesidades gr\u00e1ficas requeridas para la operaci\u00f3n de aeronaves.<\/li>\n<\/ul>\n\n\n\n<p><\/p>\n\n\n\n<p style=\"font-size:16px\"><strong><em>VALUACI\u00d3N Y ASEGURAMIENTO<\/em><\/strong><\/p>\n\n\n\n<ul class=\"wp-block-list\">\n<li><em>Valuaci\u00f3n y Aseguramiento de aeronaves.<\/em><\/li>\n\n\n\n<li><em>Comercializaci\u00f3n de partes y componentes para aeronaves, as\u00ed como de equipo de apoyo terrestre.<\/em><\/li>\n<\/ul>\n\n\n\n<p><\/p>\n","protected":false},"excerpt":{"rendered":"<p>La Divisi\u00f3n de Servicios Aeron\u00e1uticos de Servicios Especializados de Ingenier\u00eda dispone de expertos en Aeron\u00e1utica, Administraci\u00f3n de Empresas, Gesti\u00f3n Empresarial, Dise\u00f1o y Comunicaci\u00f3n Visual, as\u00ed como en Seguros para Empresas y Bienes. Estamos enfocados en satisfacer las necesidades t\u00e9cnico-administrativas de la industria aeron\u00e1utica, tanto nacional como internacional. Nos avalan m\u00e1s de treinta a\u00f1os de experiencia. &hellip; <\/p>\n<p class=\"link-more\"><a href=\"https:\/\/seia-ing.com\/index.php\/division-servicios-aeronauticos\/\" class=\"more-link\">Continue reading<span class=\"screen-reader-text\"> &#8220;Divisi\u00f3n Servicios Aeron\u00e1uticos&#8221;<\/span><\/a><\/p>\n","protected":false},"author":1,"featured_media":142,"parent":0,"menu_order":0,"comment_status":"closed","ping_status":"closed","template":"","meta":{"footnotes":""},"class_list":["post-84","page","type-page","status-publish","has-post-thumbnail","hentry"],"_links":{"self":[{"href":"https:\/\/seia-ing.com\/index.php\/wp-json\/wp\/v2\/pages\/84","targetHints":{"allow":["GET"]}}],"collection":[{"href":"https:\/\/seia-ing.com\/index.php\/wp-json\/wp\/v2\/pages"}],"about":[{"href":"https:\/\/seia-ing.com\/index.php\/wp-json\/wp\/v2\/types\/page"}],"author":[{"embeddable":true,"href":"https:\/\/seia-ing.com\/index.php\/wp-json\/wp\/v2\/users\/1"}],"replies":[{"embeddable":true,"href":"https:\/\/seia-ing.com\/index.php\/wp-json\/wp\/v2\/comments?post=84"}],"version-history":[{"count":11,"href":"https:\/\/seia-ing.com\/index.php\/wp-json\/wp\/v2\/pages\/84\/revisions"}],"predecessor-version":[{"id":354,"href":"https:\/\/seia-ing.com\/index.php\/wp-json\/wp\/v2\/pages\/84\/revisions\/354"}],"wp:featuredmedia":[{"embeddable":true,"href":"https:\/\/seia-ing.com\/index.php\/wp-json\/wp\/v2\/media\/142"}],"wp:attachment":[{"href":"https:\/\/seia-ing.com\/index.php\/wp-json\/wp\/v2\/media?parent=84"}],"curies":[{"name":"wp","href":"https:\/\/api.w.org\/{rel}","templated":true}]}}