{"id":3,"date":"2025-02-06T19:08:11","date_gmt":"2025-02-06T19:08:11","guid":{"rendered":"https:\/\/seia-ing.com\/wordpress_y\/?page_id=3"},"modified":"2025-04-24T01:57:34","modified_gmt":"2025-04-24T01:57:34","slug":"privacy-policy","status":"publish","type":"page","link":"https:\/\/seia-ing.com\/index.php\/privacy-policy\/","title":{"rendered":"Pol\u00edtica de privacidad"},"content":{"rendered":"\n<p><\/p>\n\n\n\n<p>Gracias por unirse a nuestra comunidad. En Servicios Especializados de Ingenier\u00eda (SEIA), estamos comprometidos a proteger su informaci\u00f3n personal y su privacidad. Si tiene preguntas o preocupaciones acerca de nuestra pol\u00edtica o pr\u00e1cticas relacionadas con su informaci\u00f3n personal, por favor cont\u00e1ctenos en contacto@seia-ing.com.<\/p>\n\n\n\n<p>sitio web www.seia-ing.com<\/p>\n\n\n\n<p><em><strong>Que datos personales recogemos y por qu\u00e9 los recogemos<\/strong><\/em><\/p>\n\n\n\n<p>Esto incluye datos personales tales como el nombre, direcci\u00f3n de correo electr\u00f3nico, y tel\u00e9fono, necesarios para contactarle en caso de requieras ser contactado por uno de nuestros representantes a trav\u00e9s del correo electr\u00f3nico contacto@seia-ing.com.<\/p>\n\n\n\n<p><\/p>\n\n\n\n<p><em><strong>Con qui\u00e9n compartimos sus datos<\/strong><\/em><\/p>\n\n\n\n<p>Servicios Especializados de Ingenier\u00eda no comparte ning\u00fan dato personal con nadie.<\/p>\n\n\n\n<p><\/p>\n\n\n\n<p><em><strong>Cuanto tiempo conservamos sus datos<\/strong><\/em><\/p>\n\n\n\n<p>Los datos personales recopilados o procesados por la web se conservar\u00e1n por un lapso de 3 meses con fines de servicio al cliente, pero no se utilizar\u00e1 la informaci\u00f3n enviada con fines de marketing.<\/p>\n\n\n\n<p><\/p>\n","protected":false},"excerpt":{"rendered":"<p>Gracias por unirse a nuestra comunidad. En Servicios Especializados de Ingenier\u00eda (SEIA), estamos comprometidos a proteger su informaci\u00f3n personal y su privacidad. Si tiene preguntas o preocupaciones acerca de nuestra pol\u00edtica o pr\u00e1cticas relacionadas con su informaci\u00f3n personal, por favor cont\u00e1ctenos en contacto@seia-ing.com. sitio web www.seia-ing.com Que datos personales recogemos y por qu\u00e9 los recogemos &hellip; <\/p>\n<p class=\"link-more\"><a href=\"https:\/\/seia-ing.com\/index.php\/privacy-policy\/\" class=\"more-link\">Continue reading<span class=\"screen-reader-text\"> &#8220;Pol\u00edtica de privacidad&#8221;<\/span><\/a><\/p>\n","protected":false},"author":1,"featured_media":104,"parent":0,"menu_order":0,"comment_status":"closed","ping_status":"closed","template":"","meta":{"footnotes":""},"class_list":["post-3","page","type-page","status-publish","has-post-thumbnail","hentry"],"_links":{"self":[{"href":"https:\/\/seia-ing.com\/index.php\/wp-json\/wp\/v2\/pages\/3","targetHints":{"allow":["GET"]}}],"collection":[{"href":"https:\/\/seia-ing.com\/index.php\/wp-json\/wp\/v2\/pages"}],"about":[{"href":"https:\/\/seia-ing.com\/index.php\/wp-json\/wp\/v2\/types\/page"}],"author":[{"embeddable":true,"href":"https:\/\/seia-ing.com\/index.php\/wp-json\/wp\/v2\/users\/1"}],"replies":[{"embeddable":true,"href":"https:\/\/seia-ing.com\/index.php\/wp-json\/wp\/v2\/comments?post=3"}],"version-history":[{"count":4,"href":"https:\/\/seia-ing.com\/index.php\/wp-json\/wp\/v2\/pages\/3\/revisions"}],"predecessor-version":[{"id":329,"href":"https:\/\/seia-ing.com\/index.php\/wp-json\/wp\/v2\/pages\/3\/revisions\/329"}],"wp:featuredmedia":[{"embeddable":true,"href":"https:\/\/seia-ing.com\/index.php\/wp-json\/wp\/v2\/media\/104"}],"wp:attachment":[{"href":"https:\/\/seia-ing.com\/index.php\/wp-json\/wp\/v2\/media?parent=3"}],"curies":[{"name":"wp","href":"https:\/\/api.w.org\/{rel}","templated":true}]}}