{"id":275,"date":"2025-02-07T15:40:32","date_gmt":"2025-02-07T15:40:32","guid":{"rendered":"https:\/\/seia-ing.com\/wordpress_y\/index.php\/products\/"},"modified":"2025-04-26T13:33:32","modified_gmt":"2025-04-26T19:33:32","slug":"products","status":"publish","type":"page","link":"https:\/\/seia-ing.com\/index.php\/products\/","title":{"rendered":"Cat\u00e1logo de productos"},"content":{"rendered":"\n<p><\/p>\n\n\n\n<p>A continuaci\u00f3n, le mostramos los productos que tenemos disponibles.<\/p>\n\n\n\n<p>Si la parte que requiere no est\u00e1 disponible, por favor cont\u00e1ctenos para poder ofrecerle alternativas para su adquisici\u00f3n.<\/p>\n\n\n            <div id=\"product_listing\" class=\"post-275 page type-page status-publish hentry al_product responsive\">\n            <div class=\"ic-catalog-container\"><div id=\"product_filters_bar\" class=\"product-sort-bar green-box ic-design \"><div id=\"block-99\" class=\"filter-widget widget_block product-search-widget\"><div class=\"ic-block-product-search-widget wp-block-ic-epc-product-search-widget\"><div class=\"widget product_search search widget_search\">    <form role=\"search\" class=\"green-box ic-design\" method=\"get\"\n          id=\"product_search_form\" action=\"https:\/\/seia-ing.com\/\">\n\t\t<input type=\"hidden\" name=\"post_type\" value=\"al_product\" \/>        <div class=\"ic-search-container\">\n\t\t\t            <input class=\"product-search-box\" type=\"search\" value=\"\" name=\"s\"\n                   placeholder=\"Parte Search\"\/>\n            <input class=\"product-search-submit\" type=\"submit\" id=\"searchsubmit\"\n                   value=\"\"\/>\n        <\/div>\n    <\/form>\n\t<\/div><\/div><\/div><div id=\"block-100\" class=\"filter-widget widget_block product-sort-filter\"><div class=\"ic-block-product-sort-filter wp-block-ic-epc-product-sort-filter\"><\/div><\/div><div id=\"block-101\" class=\"filter-widget widget_block product-price-filter\"><\/div><div id=\"block-102\" class=\"filter-widget widget_block product-category-filter\"><div class=\"ic-block-product-category-filter wp-block-ic-epc-product-category-filter\"><\/div><\/div><div class=\"clear-both\"><\/div><\/div><div class=\"product-list list \" >\n    <div class=\"archive-listing product-414 list publish no-price\">\n        <a href=\"https:\/\/seia-ing.com\/index.php\/products\/llave-triangular\/\"><span class=\"div-link\"><\/span><\/a>\n        <div class=\"classic-list-image-wrapper\">\n            <div class=\"pseudo\"><\/div><img loading=\"lazy\" decoding=\"async\" width=\"117\" height=\"160\" src=\"https:\/\/seia-ing.com\/wp-content\/uploads\/2025\/06\/4A01-117x160.png\" class=\"classic-list-image\" alt=\"LLAVE TRIANGULAR\" srcset=\"https:\/\/seia-ing.com\/wp-content\/uploads\/2025\/06\/4A01-117x160.png 117w, https:\/\/seia-ing.com\/wp-content\/uploads\/2025\/06\/4A01-219x300.png 219w, https:\/\/seia-ing.com\/wp-content\/uploads\/2025\/06\/4A01-438x600.png 438w, https:\/\/seia-ing.com\/wp-content\/uploads\/2025\/06\/4A01.png 699w\" sizes=\"auto, (max-width: 767px) 89vw, (max-width: 1000px) 54vw, (max-width: 1071px) 543px, 580px\" \/><\/div>\n        <div class=\"product-name\">LLAVE TRIANGULAR<\/div>\n        <div class=\"product-short-descr\"><p>PARA PUERTAS DE ELEVADOR 6X20 cm<\/p><\/div>\n\t\t    <\/div>\n\n\n    <div class=\"archive-listing product-412 list publish no-price\">\n        <a href=\"https:\/\/seia-ing.com\/index.php\/products\/controlador-de-puertas-2\/\"><span class=\"div-link\"><\/span><\/a>\n        <div class=\"classic-list-image-wrapper\">\n            <div class=\"pseudo\"><\/div><img loading=\"lazy\" decoding=\"async\" width=\"280\" height=\"152\" src=\"https:\/\/seia-ing.com\/wp-content\/uploads\/2025\/06\/7B02-280x152.webp\" class=\"classic-list-image\" alt=\"CONTROLADOR DE PUERTAS  FERMATOR\" srcset=\"https:\/\/seia-ing.com\/wp-content\/uploads\/2025\/06\/7B02-280x152.webp 280w, https:\/\/seia-ing.com\/wp-content\/uploads\/2025\/06\/7B02-300x163.webp 300w, https:\/\/seia-ing.com\/wp-content\/uploads\/2025\/06\/7B02-1024x556.webp 1024w, https:\/\/seia-ing.com\/wp-content\/uploads\/2025\/06\/7B02-768x417.webp 768w, https:\/\/seia-ing.com\/wp-content\/uploads\/2025\/06\/7B02-1536x834.webp 1536w, https:\/\/seia-ing.com\/wp-content\/uploads\/2025\/06\/7B02-2048x1112.webp 2048w, https:\/\/seia-ing.com\/wp-content\/uploads\/2025\/06\/7B02-600x326.webp 600w\" sizes=\"auto, (max-width: 767px) 89vw, (max-width: 1000px) 54vw, (max-width: 1071px) 543px, 580px\" \/><\/div>\n        <div class=\"product-name\">CONTROLADOR DE PUERTAS  FERMATOR<\/div>\n        <div class=\"product-short-descr\"><p>FERMATOR VF5+<\/p><\/div>\n\t\t    <\/div>\n\n\n    <div class=\"archive-listing product-407 list publish no-price\">\n        <a href=\"https:\/\/seia-ing.com\/index.php\/products\/controlador-de-puertas\/\"><span class=\"div-link\"><\/span><\/a>\n        <div class=\"classic-list-image-wrapper\">\n            <div class=\"pseudo\"><\/div><img loading=\"lazy\" decoding=\"async\" width=\"179\" height=\"160\" src=\"https:\/\/seia-ing.com\/wp-content\/uploads\/2025\/05\/2B01-179x160.webp\" class=\"classic-list-image\" alt=\"CONTROLADOR DE PUERTAS OTIS\" srcset=\"https:\/\/seia-ing.com\/wp-content\/uploads\/2025\/05\/2B01-179x160.webp 179w, https:\/\/seia-ing.com\/wp-content\/uploads\/2025\/05\/2B01-300x268.webp 300w, https:\/\/seia-ing.com\/wp-content\/uploads\/2025\/05\/2B01-1024x914.webp 1024w, https:\/\/seia-ing.com\/wp-content\/uploads\/2025\/05\/2B01-768x685.webp 768w, https:\/\/seia-ing.com\/wp-content\/uploads\/2025\/05\/2B01-1536x1371.webp 1536w, https:\/\/seia-ing.com\/wp-content\/uploads\/2025\/05\/2B01-600x535.webp 600w, https:\/\/seia-ing.com\/wp-content\/uploads\/2025\/05\/2B01.webp 1810w\" sizes=\"auto, (max-width: 767px) 89vw, (max-width: 1000px) 54vw, (max-width: 1071px) 543px, 580px\" \/><\/div>\n        <div class=\"product-name\">CONTROLADOR DE PUERTAS OTIS<\/div>\n        <div class=\"product-short-descr\"><p>OTIS GAA23450BP1<\/p><\/div>\n\t\t    <\/div>\n\n\n    <div class=\"archive-listing product-355 list publish no-price\">\n        <a href=\"https:\/\/seia-ing.com\/index.php\/products\/sensor-de-proximidad\/\"><span class=\"div-link\"><\/span><\/a>\n        <div class=\"classic-list-image-wrapper\">\n            <div class=\"pseudo\"><\/div><img loading=\"lazy\" decoding=\"async\" width=\"142\" height=\"160\" src=\"https:\/\/seia-ing.com\/wp-content\/uploads\/2025\/04\/7C02-142x160.webp\" class=\"classic-list-image\" alt=\"SENSOR DE PROXIMIDAD\" srcset=\"https:\/\/seia-ing.com\/wp-content\/uploads\/2025\/04\/7C02-142x160.webp 142w, https:\/\/seia-ing.com\/wp-content\/uploads\/2025\/04\/7C02-267x300.webp 267w, https:\/\/seia-ing.com\/wp-content\/uploads\/2025\/04\/7C02-912x1024.webp 912w, https:\/\/seia-ing.com\/wp-content\/uploads\/2025\/04\/7C02-768x862.webp 768w, https:\/\/seia-ing.com\/wp-content\/uploads\/2025\/04\/7C02-1368x1536.webp 1368w, https:\/\/seia-ing.com\/wp-content\/uploads\/2025\/04\/7C02-534x600.webp 534w, https:\/\/seia-ing.com\/wp-content\/uploads\/2025\/04\/7C02.webp 1553w\" sizes=\"auto, (max-width: 767px) 89vw, (max-width: 1000px) 54vw, (max-width: 1071px) 543px, 580px\" \/><\/div>\n        <div class=\"product-name\">SENSOR DE PROXIMIDAD<\/div>\n        <div class=\"product-short-descr\"><p>SENSOR DE PROXIMIDAD Ni4-M12-AP6X PNP TURCK P\/N 46052.<\/p><\/div>\n\t\t    <\/div>\n\n\n    <div class=\"archive-listing product-305 list publish no-price\">\n        <a href=\"https:\/\/seia-ing.com\/index.php\/products\/rodakje-thyssen\/\"><span class=\"div-link\"><\/span><\/a>\n        <div class=\"classic-list-image-wrapper\">\n            <div class=\"pseudo\"><\/div><img loading=\"lazy\" decoding=\"async\" width=\"115\" height=\"160\" src=\"https:\/\/seia-ing.com\/wp-content\/uploads\/2025\/04\/8A04-115x160.webp\" class=\"classic-list-image\" alt=\"RODAJA THYSSEN\" srcset=\"https:\/\/seia-ing.com\/wp-content\/uploads\/2025\/04\/8A04-115x160.webp 115w, https:\/\/seia-ing.com\/wp-content\/uploads\/2025\/04\/8A04-215x300.webp 215w, https:\/\/seia-ing.com\/wp-content\/uploads\/2025\/04\/8A04-735x1024.webp 735w, https:\/\/seia-ing.com\/wp-content\/uploads\/2025\/04\/8A04-768x1070.webp 768w, https:\/\/seia-ing.com\/wp-content\/uploads\/2025\/04\/8A04-1102x1536.webp 1102w, https:\/\/seia-ing.com\/wp-content\/uploads\/2025\/04\/8A04-1470x2048.webp 1470w, https:\/\/seia-ing.com\/wp-content\/uploads\/2025\/04\/8A04-431x600.webp 431w, https:\/\/seia-ing.com\/wp-content\/uploads\/2025\/04\/8A04.webp 1648w\" sizes=\"auto, (max-width: 767px) 89vw, (max-width: 1000px) 54vw, (max-width: 1071px) 543px, 580px\" \/><\/div>\n        <div class=\"product-name\">RODAJA THYSSEN<\/div>\n        <div class=\"product-short-descr\"><p>RODAJA COLOR AZUL 75X23.5-6204 THYSSEN P\/N 1705775500<\/p><\/div>\n\t\t    <\/div>\n\n\n    <div class=\"archive-listing product-304 list publish no-price\">\n        <a href=\"https:\/\/seia-ing.com\/index.php\/products\/rodaja-otis\/\"><span class=\"div-link\"><\/span><\/a>\n        <div class=\"classic-list-image-wrapper\">\n            <div class=\"pseudo\"><\/div><img loading=\"lazy\" decoding=\"async\" width=\"110\" height=\"160\" src=\"https:\/\/seia-ing.com\/wp-content\/uploads\/2025\/04\/8A03-110x160.webp\" class=\"classic-list-image\" alt=\"RODAJA OTIS\" srcset=\"https:\/\/seia-ing.com\/wp-content\/uploads\/2025\/04\/8A03-110x160.webp 110w, https:\/\/seia-ing.com\/wp-content\/uploads\/2025\/04\/8A03-206x300.webp 206w, https:\/\/seia-ing.com\/wp-content\/uploads\/2025\/04\/8A03-703x1024.webp 703w, https:\/\/seia-ing.com\/wp-content\/uploads\/2025\/04\/8A03-768x1119.webp 768w, https:\/\/seia-ing.com\/wp-content\/uploads\/2025\/04\/8A03-1054x1536.webp 1054w, https:\/\/seia-ing.com\/wp-content\/uploads\/2025\/04\/8A03-1406x2048.webp 1406w, https:\/\/seia-ing.com\/wp-content\/uploads\/2025\/04\/8A03-412x600.webp 412w, https:\/\/seia-ing.com\/wp-content\/uploads\/2025\/04\/8A03.webp 1556w\" sizes=\"auto, (max-width: 767px) 89vw, (max-width: 1000px) 54vw, (max-width: 1071px) 543px, 580px\" \/><\/div>\n        <div class=\"product-name\">RODAJA OTIS<\/div>\n        <div class=\"product-short-descr\"><p>RODAJA COLOR AZUL 76X22-6203 OTIS P\/N GAA290CF2<\/p><\/div>\n\t\t    <\/div>\n\n\n    <div class=\"archive-listing product-303 list publish no-price\">\n        <a href=\"https:\/\/seia-ing.com\/index.php\/products\/rodaja-kone\/\"><span class=\"div-link\"><\/span><\/a>\n        <div class=\"classic-list-image-wrapper\">\n            <div class=\"pseudo\"><\/div><img loading=\"lazy\" decoding=\"async\" width=\"110\" height=\"160\" src=\"https:\/\/seia-ing.com\/wp-content\/uploads\/2025\/04\/8A02-110x160.webp\" class=\"classic-list-image\" alt=\"RODAJA KONE\" srcset=\"https:\/\/seia-ing.com\/wp-content\/uploads\/2025\/04\/8A02-110x160.webp 110w, https:\/\/seia-ing.com\/wp-content\/uploads\/2025\/04\/8A02-207x300.webp 207w, https:\/\/seia-ing.com\/wp-content\/uploads\/2025\/04\/8A02-706x1024.webp 706w, https:\/\/seia-ing.com\/wp-content\/uploads\/2025\/04\/8A02-768x1114.webp 768w, https:\/\/seia-ing.com\/wp-content\/uploads\/2025\/04\/8A02-1059x1536.webp 1059w, https:\/\/seia-ing.com\/wp-content\/uploads\/2025\/04\/8A02-414x600.webp 414w, https:\/\/seia-ing.com\/wp-content\/uploads\/2025\/04\/8A02.webp 1081w\" sizes=\"auto, (max-width: 767px) 89vw, (max-width: 1000px) 54vw, (max-width: 1071px) 543px, 580px\" \/><\/div>\n        <div class=\"product-name\">RODAJA KONE<\/div>\n        <div class=\"product-short-descr\"><p>RODAJA COLOR AZUL 70X25-6204 KONE<\/p><\/div>\n\t\t    <\/div>\n\n\n    <div class=\"archive-listing product-302 list publish no-price\">\n        <a href=\"https:\/\/seia-ing.com\/index.php\/products\/rodaja-schindler\/\"><span class=\"div-link\"><\/span><\/a>\n        <div class=\"classic-list-image-wrapper\">\n            <div class=\"pseudo\"><\/div><img loading=\"lazy\" decoding=\"async\" width=\"97\" height=\"160\" src=\"https:\/\/seia-ing.com\/wp-content\/uploads\/2025\/04\/8A01-97x160.webp\" class=\"classic-list-image\" alt=\"RODAJA SCHINDLER\" srcset=\"https:\/\/seia-ing.com\/wp-content\/uploads\/2025\/04\/8A01-97x160.webp 97w, https:\/\/seia-ing.com\/wp-content\/uploads\/2025\/04\/8A01-181x300.webp 181w, https:\/\/seia-ing.com\/wp-content\/uploads\/2025\/04\/8A01-618x1024.webp 618w, https:\/\/seia-ing.com\/wp-content\/uploads\/2025\/04\/8A01-768x1273.webp 768w, https:\/\/seia-ing.com\/wp-content\/uploads\/2025\/04\/8A01-926x1536.webp 926w, https:\/\/seia-ing.com\/wp-content\/uploads\/2025\/04\/8A01-1235x2048.webp 1235w, https:\/\/seia-ing.com\/wp-content\/uploads\/2025\/04\/8A01-362x600.webp 362w, https:\/\/seia-ing.com\/wp-content\/uploads\/2025\/04\/8A01-scaled.webp 1544w\" sizes=\"auto, (max-width: 767px) 89vw, (max-width: 1000px) 54vw, (max-width: 1071px) 543px, 580px\" \/><\/div>\n        <div class=\"product-name\">RODAJA SCHINDLER<\/div>\n        <div class=\"product-short-descr\"><p>RODAJA COLOR AZUL\u00a0 76X25-6204 SCHINDLER P\/N AMS405029<\/p><\/div>\n\t\t    <\/div>\n\n\n    <div class=\"archive-listing product-301 list publish no-price\">\n        <a href=\"https:\/\/seia-ing.com\/index.php\/products\/inductor-biestable-2\/\"><span class=\"div-link\"><\/span><\/a>\n        <div class=\"classic-list-image-wrapper\">\n            <div class=\"pseudo\"><\/div><img loading=\"lazy\" decoding=\"async\" width=\"112\" height=\"160\" src=\"https:\/\/seia-ing.com\/wp-content\/uploads\/2025\/04\/7C01.4.5.6-1-112x160.webp\" class=\"classic-list-image\" alt=\"INDUCTOR BIESTABLE TIPO LAPIZ KONE\" srcset=\"https:\/\/seia-ing.com\/wp-content\/uploads\/2025\/04\/7C01.4.5.6-1-112x160.webp 112w, https:\/\/seia-ing.com\/wp-content\/uploads\/2025\/04\/7C01.4.5.6-1-210x300.webp 210w, https:\/\/seia-ing.com\/wp-content\/uploads\/2025\/04\/7C01.4.5.6-1-718x1024.webp 718w, https:\/\/seia-ing.com\/wp-content\/uploads\/2025\/04\/7C01.4.5.6-1-768x1096.webp 768w, https:\/\/seia-ing.com\/wp-content\/uploads\/2025\/04\/7C01.4.5.6-1-1076x1536.webp 1076w, https:\/\/seia-ing.com\/wp-content\/uploads\/2025\/04\/7C01.4.5.6-1-1435x2048.webp 1435w, https:\/\/seia-ing.com\/wp-content\/uploads\/2025\/04\/7C01.4.5.6-1-420x600.webp 420w, https:\/\/seia-ing.com\/wp-content\/uploads\/2025\/04\/7C01.4.5.6-1-scaled.webp 1794w\" sizes=\"auto, (max-width: 767px) 89vw, (max-width: 1000px) 54vw, (max-width: 1071px) 543px, 580px\" \/><\/div>\n        <div class=\"product-name\">INDUCTOR BIESTABLE TIPO LAPIZ KONE<\/div>\n        <div class=\"product-short-descr\"><p>INDUCTOR BIESTABLE TIPO LAPIZ KONE COLOR GRIS KCB_R-59122 77S, 77U, 77S<\/p><\/div>\n\t\t    <\/div>\n\n\n    <div class=\"archive-listing product-300 list publish no-price\">\n        <a href=\"https:\/\/seia-ing.com\/index.php\/products\/inductor\/\"><span class=\"div-link\"><\/span><\/a>\n        <div class=\"classic-list-image-wrapper\">\n            <div class=\"pseudo\"><\/div><img loading=\"lazy\" decoding=\"async\" width=\"113\" height=\"160\" src=\"https:\/\/seia-ing.com\/wp-content\/uploads\/2025\/04\/7C01.1.2.3-113x160.webp\" class=\"classic-list-image\" alt=\"INDUCTOR MONOESTABLE TIPO LAPIZ KONE\" srcset=\"https:\/\/seia-ing.com\/wp-content\/uploads\/2025\/04\/7C01.1.2.3-113x160.webp 113w, https:\/\/seia-ing.com\/wp-content\/uploads\/2025\/04\/7C01.1.2.3-212x300.webp 212w, https:\/\/seia-ing.com\/wp-content\/uploads\/2025\/04\/7C01.1.2.3-725x1024.webp 725w, https:\/\/seia-ing.com\/wp-content\/uploads\/2025\/04\/7C01.1.2.3-768x1084.webp 768w, https:\/\/seia-ing.com\/wp-content\/uploads\/2025\/04\/7C01.1.2.3-1088x1536.webp 1088w, https:\/\/seia-ing.com\/wp-content\/uploads\/2025\/04\/7C01.1.2.3-1450x2048.webp 1450w, https:\/\/seia-ing.com\/wp-content\/uploads\/2025\/04\/7C01.1.2.3-425x600.webp 425w, https:\/\/seia-ing.com\/wp-content\/uploads\/2025\/04\/7C01.1.2.3-scaled.webp 1813w\" sizes=\"auto, (max-width: 767px) 89vw, (max-width: 1000px) 54vw, (max-width: 1071px) 543px, 580px\" \/><\/div>\n        <div class=\"product-name\">INDUCTOR MONOESTABLE TIPO LAPIZ KONE<\/div>\n        <div class=\"product-short-descr\"><p>INDUCTOR MONOESTABLE TIPO LAPIZ KONE COLOR NEGRO KCB_R-59121 N.O.\u00a0 \u00a061N, 61U, 30<\/p><\/div>\n\t\t    <\/div>\n\n<\/div><div id=\"product_archive_nav\" class=\"product-archive-nav green-box ic-design\"><ul>\n<li class=\"active\" data-page=\"1\"><a href=\"https:\/\/seia-ing.com\/index.php\/wp-json\/wp\/v2\/pages\/275\/\">1<\/a><\/li> \n<li class=\"last-num\" data-page=\"2\"><a href=\"https:\/\/seia-ing.com\/index.php\/wp-json\/wp\/v2\/pages\/275\/page\/2\/\">2<\/a><\/li> \n<li class=\"next-page\" data-page=\"2\"><a href=\"https:\/\/seia-ing.com\/index.php\/wp-json\/wp\/v2\/pages\/275\/page\/2\/\" ><span>Next Page \u00bb<\/span><\/a><\/li> \n<\/ul><\/div>\n    <span class=\"clear\"><\/span>\n    <\/div>            <\/div>\n            \n\n\n\n<p><\/p>\n","protected":false},"excerpt":{"rendered":"<p>A continuaci\u00f3n, le mostramos los productos que tenemos disponibles. Si la parte que requiere no est\u00e1 disponible, por favor cont\u00e1ctenos para poder ofrecerle alternativas para su adquisici\u00f3n.<\/p>\n","protected":false},"author":1,"featured_media":0,"parent":0,"menu_order":0,"comment_status":"closed","ping_status":"closed","template":"","meta":{"footnotes":""},"class_list":["post-275","page","type-page","status-publish","hentry"],"_links":{"self":[{"href":"https:\/\/seia-ing.com\/index.php\/wp-json\/wp\/v2\/pages\/275","targetHints":{"allow":["GET"]}}],"collection":[{"href":"https:\/\/seia-ing.com\/index.php\/wp-json\/wp\/v2\/pages"}],"about":[{"href":"https:\/\/seia-ing.com\/index.php\/wp-json\/wp\/v2\/types\/page"}],"author":[{"embeddable":true,"href":"https:\/\/seia-ing.com\/index.php\/wp-json\/wp\/v2\/users\/1"}],"replies":[{"embeddable":true,"href":"https:\/\/seia-ing.com\/index.php\/wp-json\/wp\/v2\/comments?post=275"}],"version-history":[{"count":4,"href":"https:\/\/seia-ing.com\/index.php\/wp-json\/wp\/v2\/pages\/275\/revisions"}],"predecessor-version":[{"id":362,"href":"https:\/\/seia-ing.com\/index.php\/wp-json\/wp\/v2\/pages\/275\/revisions\/362"}],"wp:attachment":[{"href":"https:\/\/seia-ing.com\/index.php\/wp-json\/wp\/v2\/media?parent=275"}],"curies":[{"name":"wp","href":"https:\/\/api.w.org\/{rel}","templated":true}]}}