{"id":248,"date":"2025-02-07T00:43:08","date_gmt":"2025-02-07T00:43:08","guid":{"rendered":"https:\/\/seia-ing.com\/wordpress_y\/?page_id=248"},"modified":"2025-06-09T23:59:45","modified_gmt":"2025-06-10T05:59:45","slug":"division-elevadores","status":"publish","type":"page","link":"https:\/\/seia-ing.com\/index.php\/division-elevadores\/","title":{"rendered":"Divisi\u00f3n Elevadores y Escaleras Mec\u00e1nicas"},"content":{"rendered":"\n<figure class=\"wp-block-image size-thumbnail\"><img loading=\"lazy\" decoding=\"async\" width=\"150\" height=\"150\" src=\"https:\/\/seia-ing.com\/wp-content\/uploads\/2025\/06\/logo-azul-SEIA-150x150.png\" alt=\"\" class=\"wp-image-409\" srcset=\"https:\/\/seia-ing.com\/wp-content\/uploads\/2025\/06\/logo-azul-SEIA-150x150.png 150w, https:\/\/seia-ing.com\/wp-content\/uploads\/2025\/06\/logo-azul-SEIA-100x100.png 100w\" sizes=\"auto, (max-width: 150px) 100vw, 150px\" \/><\/figure>\n\n\n\n<p>La Divisi\u00f3n de Elevadores y Escaleras Mec\u00e1nicas, parte de Servicios Especializados de Ingenier\u00eda, cuenta con profesionales especializados en la prestaci\u00f3n de servicios para elevadores y escaleras mec\u00e1nicas. Con cinco a\u00f1os de experiencia, ofrecemos a nuestros clientes, asesor\u00eda t\u00e9cnica, venta, instalaci\u00f3n, mantenimiento y refacciones para elevadores y escaleras mec\u00e1nicas, adecuados tanto para el transporte de personas como de carga.<\/p>\n\n\n\n<p>Nos comprometemos a proporcionar a nuestros clientes una amplia gama de soluciones personalizadas para cada proyecto, adelant\u00e1ndonos al futuro y cumpliendo sus necesidades, con el apoyo de nuestro equipo altamente capacitado. Ubicados en el Estado de M\u00e9xico, en Servicios Especializados de Ingenier\u00eda, nos encargamos de ofrecer servicios de alta calidad y soluciones integrales que satisfagan las demandas de nuestros clientes.<\/p>\n\n\n\n<p><\/p>\n\n\n\n<p><\/p>\n\n\n\n<p class=\"has-medium-font-size\"><strong><em>NUESTROS SERVICIOS<\/em><\/strong><\/p>\n\n\n\n<p style=\"font-size:16px\"><strong>VENTA, INSTALACION Y SERVICIOS<\/strong><\/p>\n\n\n\n<ul class=\"wp-block-list\">\n<li>Venta, Instalaci\u00f3n y Servicios de Mantenimiento de Elevadores y Escaleras mec\u00e1nicas<\/li>\n<\/ul>\n\n\n\n<p><\/p>\n\n\n\n<p style=\"font-size:16px\"><strong>COMERCIALIZACION DE PARTES<\/strong><\/p>\n\n\n\n<ul class=\"wp-block-list\">\n<li>Comercializaci\u00f3n de partes y componentes para Elevadores y Escaleras Mecanicas<\/li>\n<\/ul>\n\n\n\n<p><\/p>\n\n\n\n<p style=\"font-size:16px\"><strong>GESTORIA ADMINISTRATIVA<\/strong><\/p>\n\n\n\n<ul class=\"wp-block-list\">\n<li>Apoyo para la Gesti\u00f3n de Certificaci\u00f3n de Empresas de acuerdo con las Normas Oficiales Mexicanas vigentes.<\/li>\n<\/ul>\n\n\n\n<p><\/p>\n\n\n\n<p style=\"font-size:16px\"><strong><em>LOGISTICA<\/em> <\/strong><\/p>\n\n\n\n<ul class=\"wp-block-list\">\n<li>Implementaci\u00f3n de Almacenes.<\/li>\n\n\n\n<li>Implementaci\u00f3n inventarios.<\/li>\n\n\n\n<li>Gestion de Almacenes y Logistica.<\/li>\n<\/ul>\n","protected":false},"excerpt":{"rendered":"<p>La Divisi\u00f3n de Elevadores y Escaleras Mec\u00e1nicas, parte de Servicios Especializados de Ingenier\u00eda, cuenta con profesionales especializados en la prestaci\u00f3n de servicios para elevadores y escaleras mec\u00e1nicas. Con cinco a\u00f1os de experiencia, ofrecemos a nuestros clientes, asesor\u00eda t\u00e9cnica, venta, instalaci\u00f3n, mantenimiento y refacciones para elevadores y escaleras mec\u00e1nicas, adecuados tanto para el transporte de personas &hellip; <\/p>\n<p class=\"link-more\"><a href=\"https:\/\/seia-ing.com\/index.php\/division-elevadores\/\" class=\"more-link\">Continue reading<span class=\"screen-reader-text\"> &#8220;Divisi\u00f3n Elevadores y Escaleras Mec\u00e1nicas&#8221;<\/span><\/a><\/p>\n","protected":false},"author":1,"featured_media":136,"parent":0,"menu_order":0,"comment_status":"closed","ping_status":"closed","template":"","meta":{"footnotes":"[]"},"class_list":["post-248","page","type-page","status-publish","has-post-thumbnail","hentry"],"_links":{"self":[{"href":"https:\/\/seia-ing.com\/index.php\/wp-json\/wp\/v2\/pages\/248","targetHints":{"allow":["GET"]}}],"collection":[{"href":"https:\/\/seia-ing.com\/index.php\/wp-json\/wp\/v2\/pages"}],"about":[{"href":"https:\/\/seia-ing.com\/index.php\/wp-json\/wp\/v2\/types\/page"}],"author":[{"embeddable":true,"href":"https:\/\/seia-ing.com\/index.php\/wp-json\/wp\/v2\/users\/1"}],"replies":[{"embeddable":true,"href":"https:\/\/seia-ing.com\/index.php\/wp-json\/wp\/v2\/comments?post=248"}],"version-history":[{"count":14,"href":"https:\/\/seia-ing.com\/index.php\/wp-json\/wp\/v2\/pages\/248\/revisions"}],"predecessor-version":[{"id":411,"href":"https:\/\/seia-ing.com\/index.php\/wp-json\/wp\/v2\/pages\/248\/revisions\/411"}],"wp:featuredmedia":[{"embeddable":true,"href":"https:\/\/seia-ing.com\/index.php\/wp-json\/wp\/v2\/media\/136"}],"wp:attachment":[{"href":"https:\/\/seia-ing.com\/index.php\/wp-json\/wp\/v2\/media?parent=248"}],"curies":[{"name":"wp","href":"https:\/\/api.w.org\/{rel}","templated":true}]}}