{"id":222,"date":"2025-02-07T00:11:59","date_gmt":"2025-02-07T00:11:59","guid":{"rendered":"https:\/\/seia-ing.com\/wordpress_y\/?page_id=222"},"modified":"2025-04-26T13:38:36","modified_gmt":"2025-04-26T19:38:36","slug":"contacto","status":"publish","type":"page","link":"https:\/\/seia-ing.com\/index.php\/contacto\/","title":{"rendered":"Contacto"},"content":{"rendered":"\n<p><\/p>\n\n\n\n<p>Brindamos un servicio al cliente sin igual para cualquier necesidad que tenga. Para m\u00e1s informaci\u00f3n sobre nuestros servicios, para solicitarlos o si necesita una cotizaci\u00f3n, por favor contacte a nuestro equipo. Nuestro personal le recomendar\u00e1 la soluci\u00f3n \u00f3ptima basada en sus requerimientos y le ofrecer\u00e1 un presupuesto a su medida.<\/p>\n\n\n\n<p><strong>Servicios Especializados de Ingenier\u00eda \u2013 SEIA<\/strong>&nbsp;\u2013 ING<\/p>\n\n\n\n<p>web: <a href=\"http:\/\/www.seia-ing.com\/\">www.seia-ing.com<\/a><\/p>\n\n\n\n<p>Tel\u00e9fono: \u2502 011 52 (55) 18226806<\/p>\n\n\n\n<p>email: <a href=\"mailto:contacto@seia-ing.com\">contacto@<\/a><a href=\"mailto:contacto@seia-ing.com\">seia-ing<\/a><a href=\"mailto:contacto@seia-ing.com\">.com<\/a>&nbsp;<\/p>\n\n\n\n<p><\/p>\n\n\n\n<p>Si tiene alguna pregunta, necesita ayuda o requiere de alg\u00fan servicio, no dude en comunicarse con nosotros. Por favor, env\u00edenos un email \u00f3 llene el formulario con sus datos y su mensaje y en breve nos pondremos en contacto con usted.<\/p>\n\n\n\n<p><\/p>\n\n\n\n<div class=\"forminator-guttenberg\"><\/div>\n","protected":false},"excerpt":{"rendered":"<p>Brindamos un servicio al cliente sin igual para cualquier necesidad que tenga. Para m\u00e1s informaci\u00f3n sobre nuestros servicios, para solicitarlos o si necesita una cotizaci\u00f3n, por favor contacte a nuestro equipo. Nuestro personal le recomendar\u00e1 la soluci\u00f3n \u00f3ptima basada en sus requerimientos y le ofrecer\u00e1 un presupuesto a su medida. Servicios Especializados de Ingenier\u00eda \u2013 &hellip; <\/p>\n<p class=\"link-more\"><a href=\"https:\/\/seia-ing.com\/index.php\/contacto\/\" class=\"more-link\">Continue reading<span class=\"screen-reader-text\"> &#8220;Contacto&#8221;<\/span><\/a><\/p>\n","protected":false},"author":1,"featured_media":10,"parent":0,"menu_order":0,"comment_status":"closed","ping_status":"closed","template":"","meta":{"footnotes":""},"class_list":["post-222","page","type-page","status-publish","has-post-thumbnail","hentry"],"_links":{"self":[{"href":"https:\/\/seia-ing.com\/index.php\/wp-json\/wp\/v2\/pages\/222","targetHints":{"allow":["GET"]}}],"collection":[{"href":"https:\/\/seia-ing.com\/index.php\/wp-json\/wp\/v2\/pages"}],"about":[{"href":"https:\/\/seia-ing.com\/index.php\/wp-json\/wp\/v2\/types\/page"}],"author":[{"embeddable":true,"href":"https:\/\/seia-ing.com\/index.php\/wp-json\/wp\/v2\/users\/1"}],"replies":[{"embeddable":true,"href":"https:\/\/seia-ing.com\/index.php\/wp-json\/wp\/v2\/comments?post=222"}],"version-history":[{"count":9,"href":"https:\/\/seia-ing.com\/index.php\/wp-json\/wp\/v2\/pages\/222\/revisions"}],"predecessor-version":[{"id":364,"href":"https:\/\/seia-ing.com\/index.php\/wp-json\/wp\/v2\/pages\/222\/revisions\/364"}],"wp:featuredmedia":[{"embeddable":true,"href":"https:\/\/seia-ing.com\/index.php\/wp-json\/wp\/v2\/media\/10"}],"wp:attachment":[{"href":"https:\/\/seia-ing.com\/index.php\/wp-json\/wp\/v2\/media?parent=222"}],"curies":[{"name":"wp","href":"https:\/\/api.w.org\/{rel}","templated":true}]}}